{"id":31474,"date":"2020-05-11T14:15:21","date_gmt":"2020-05-11T14:15:21","guid":{"rendered":"https:\/\/olympland.cz\/?page_id=31474"},"modified":"2020-09-11T09:53:58","modified_gmt":"2020-09-11T09:53:58","slug":"podminky-uzivani-webovych-stranek","status":"publish","type":"page","link":"https:\/\/olympland.cz\/en\/pravidla\/podminky-uzivani-webovych-stranek\/","title":{"rendered":"Terms of use of the website"},"content":{"rendered":"<h1>Terms of use of the olympland.cz website<\/h1>\n<p>These terms govern the use of the website\u00a0<a href=\"https:\/\/olympland.cz\/en\/\">www.olympland.cz<\/a>\u00a0third parties (users), hereinafter referred to as<strong>Conditions<\/strong>\u201c)<\/p>\n<p>Before using the olympland.cz website, you must first familiarize yourself with these Terms of Use of the olympland.cz website and also the Terms of Personal Data Protection, which you will find <a href=\"https:\/\/olympland.cz\/en\/pravidla\/podminky-ochrany-osobnich-udaju\/\">here<\/a>.<\/p>\n<p>The owner and operator of the olympland.cz website is the company Pratr as, ID number: 252 65 687, with its registered office in Trutnov, N\u00e1chodsk\u00e1 524, postal code 541 03, registered at the Regional Court in Hradec Kr\u00e1lov\u00e9 under file number B 1613 (hereinafter<strong>Company<\/strong>\u201c), Which is authorized in accordance with legal regulations to disseminate them.<\/p>\n<p>Any further dissemination of the content of the olympland.cz website for any purpose other than personal use, in particular in the form of copying or further processing without the prior written consent of the Company, is prohibited. If the user of the olympland.cz website thus violates this prohibition and the Company hereby suffers damage, the injured party shall be entitled to compensation for damages in the sense of the provisions of \u00a7 2913 et seq. disciple. No. 89\/2012 Coll., Civil Code, as amended.<\/p>\n<p>The olympland.cz website may contain data that is the result of the activities of third parties who are their authors. The applicable legal regulations apply to this data, in particular this content may not be distributed, copied or altered.<\/p>\n<p>The content of the olympland.cz website is for information purposes only. The company is not responsible for the accuracy or completeness of the content of the olympland.cz website, and any resulting damages incurred in connection with the use of the olympland.cz website.<\/p>\n<p>The company reserves the right to change or remove the content of the olympland.cz website at any time, even without prior notice.<\/p>","protected":false},"excerpt":{"rendered":"<p>Conditions of use of the olympland.cz website These conditions regulate the use of the website www.olympland.cz by third parties (users), (hereinafter referred to as &quot;Terms&quot;) Before using the olympland.cz website, you must first familiarize yourself with these Conditions of use of the olympland website .cz and also the Terms of Personal Data Protection, which you can find here. The owner and operator of the website olympland.cz is the company Pratr as, ID: 252 65 [\u2026]<\/p>","protected":false},"author":2,"featured_media":0,"parent":1793,"menu_order":0,"comment_status":"closed","ping_status":"closed","template":"","meta":{"_et_pb_use_builder":"","_et_pb_old_content":"","_et_gb_content_width":"","footnotes":""},"_links":{"self":[{"href":"https:\/\/olympland.cz\/en\/wp-json\/wp\/v2\/pages\/31474"}],"collection":[{"href":"https:\/\/olympland.cz\/en\/wp-json\/wp\/v2\/pages"}],"about":[{"href":"https:\/\/olympland.cz\/en\/wp-json\/wp\/v2\/types\/page"}],"author":[{"embeddable":true,"href":"https:\/\/olympland.cz\/en\/wp-json\/wp\/v2\/users\/2"}],"replies":[{"embeddable":true,"href":"https:\/\/olympland.cz\/en\/wp-json\/wp\/v2\/comments?post=31474"}],"version-history":[{"count":1,"href":"https:\/\/olympland.cz\/en\/wp-json\/wp\/v2\/pages\/31474\/revisions"}],"predecessor-version":[{"id":32206,"href":"https:\/\/olympland.cz\/en\/wp-json\/wp\/v2\/pages\/31474\/revisions\/32206"}],"up":[{"embeddable":true,"href":"https:\/\/olympland.cz\/en\/wp-json\/wp\/v2\/pages\/1793"}],"wp:attachment":[{"href":"https:\/\/olympland.cz\/en\/wp-json\/wp\/v2\/media?parent=31474"}],"curies":[{"name":"wp","href":"https:\/\/api.w.org\/{rel}","templated":true}]}}