{"id":32215,"date":"2020-09-11T09:59:37","date_gmt":"2020-09-11T09:59:37","guid":{"rendered":"https:\/\/olympland.cz\/?page_id=32215"},"modified":"2020-09-11T09:59:37","modified_gmt":"2020-09-11T09:59:37","slug":"podminky-clenstvi-up-club","status":"publish","type":"page","link":"https:\/\/olympland.cz\/en\/pravidla\/podminky-clenstvi-up-club\/","title":{"rendered":"Up CLUB membership conditions"},"content":{"rendered":"<p><strong>Simplified conditions and principles of membership<\/strong><\/p>\n<p>General Terms and Conditions of Membership and Principles of Drawing the Benefits of Membership (hereinafter referred to as the Terms and Conditions) in Up CLUB (hereinafter referred to as the CLUB) , Postal code 541 03, kept at the Regional Court in Hradec Kr\u00e1lov\u00e9 under file number B 1613 (hereinafter referred to as the Company), is valid for all CLUB members. The full current and valid wording of the membership conditions can be found\u00a0<a href=\"https:\/\/www.upgroup.cz\/pravidla\/podminky-clenstvi-up-club\/\">here<\/a>.<\/p>","protected":false},"excerpt":{"rendered":"<p>Simplified conditions and principles of membership General conditions of membership and principles of taking advantage of membership (hereinafter referred to as the Conditions) in the Up CLUB (hereinafter referred to as the CLUB), the operation and activities of which are operated, secured and externally acted on behalf of the CLUB by the company Pratr as, ID number: 252 65 687, domiciled in Trutnov, N\u00e1chodsk\u00e1 524, zip code 541 03, kept at the Regional Court in Hradec Kr\u00e1lov\u00e9 under file [...]<\/p>","protected":false},"author":2,"featured_media":0,"parent":1793,"menu_order":0,"comment_status":"closed","ping_status":"closed","template":"","meta":{"_et_pb_use_builder":"","_et_pb_old_content":"","_et_gb_content_width":"","footnotes":""},"_links":{"self":[{"href":"https:\/\/olympland.cz\/en\/wp-json\/wp\/v2\/pages\/32215"}],"collection":[{"href":"https:\/\/olympland.cz\/en\/wp-json\/wp\/v2\/pages"}],"about":[{"href":"https:\/\/olympland.cz\/en\/wp-json\/wp\/v2\/types\/page"}],"author":[{"embeddable":true,"href":"https:\/\/olympland.cz\/en\/wp-json\/wp\/v2\/users\/2"}],"replies":[{"embeddable":true,"href":"https:\/\/olympland.cz\/en\/wp-json\/wp\/v2\/comments?post=32215"}],"version-history":[{"count":1,"href":"https:\/\/olympland.cz\/en\/wp-json\/wp\/v2\/pages\/32215\/revisions"}],"predecessor-version":[{"id":32216,"href":"https:\/\/olympland.cz\/en\/wp-json\/wp\/v2\/pages\/32215\/revisions\/32216"}],"up":[{"embeddable":true,"href":"https:\/\/olympland.cz\/en\/wp-json\/wp\/v2\/pages\/1793"}],"wp:attachment":[{"href":"https:\/\/olympland.cz\/en\/wp-json\/wp\/v2\/media?parent=32215"}],"curies":[{"name":"wp","href":"https:\/\/api.w.org\/{rel}","templated":true}]}}