{"id":1788,"date":"2018-05-22T12:23:17","date_gmt":"2018-05-22T12:23:17","guid":{"rendered":"https:\/\/olympland.cz\/?page_id=1788"},"modified":"2020-09-11T09:57:10","modified_gmt":"2020-09-11T09:57:10","slug":"podminky-ochrany-osobnich-udaju","status":"publish","type":"page","link":"https:\/\/olympland.cz\/pl\/pravidla\/podminky-ochrany-osobnich-udaju\/","title":{"rendered":"Zasady korzystania z pokoju gier OLYMPLAND"},"content":{"rendered":"<h6>Zasady korzystania z pokoju gier OLYMPLAND - ZASADY OBS\u0141UGI<\/h6>\n<p>Szanowni Go\u015bcie, wchodz\u0105c do domu gier OLYMPLAND, akceptujecie Pa\u0144stwo og\u00f3lne warunki handlowe i zasady funkcjonowania domu gier OLYMPLAND. Informacje o godzinach otwarcia i obowi\u0105zuj\u0105cych cenach mo\u017cna znale\u017a\u0107 na stronie\u00a0<a href=\"http:\/\/upfs.cz\/\">www.olympland.cz<\/a><\/p>\n<p>Atrakcje przeznaczone s\u0105 dla dzieci poni\u017cej 14 roku \u017cycia. Operator nie przyjmuje na siebie obowi\u0105zku zwi\u0105zanego z nadzorem nad dzie\u0107mi. Za opiek\u0119 i nadz\u00f3r nad dzie\u0107mi odpowiada wy\u0142\u0105cznie ich otoczenie. Ostrzegamy osoby towarzysz\u0105ce swoim dzieciom, aby naprawd\u0119 konsekwentnie wype\u0142nia\u0142y sw\u00f3j obowi\u0105zek. Personel operatora nie ma relacji nadzorczej. Sala gier wyposa\u017cona jest w system kamer z urz\u0105dzeniem nagrywaj\u0105cym \u2013 wi\u0119cej o ochronie danych osobowych na terenie Olymp i Olympland znajdziesz na stronie http:\/\/upfs.cz\/pravidla\/podminky-ochrany-osobnich-udaju\/.<\/p>\n<ul>\n<li>Ze wzgl\u0119d\u00f3w operacyjnych i higienicznych wej\u015bcie do sali gier i wszystkich znajduj\u0105cych si\u0119 w niej atrakcji dozwolone jest tylko w SKARPEtach (polecamy skarpetki zapasowe).<\/li>\n<li>W trosce o bezpiecze\u0144stwo dzieci na terenie pokoju zabaw nie wolno u\u017cywa\u0107 w\u0142asnych zabawek, w szczeg\u00f3lno\u015bci zabronione jest u\u017cywanie na terenie pokoju zabaw twardych lub ostrych przedmiot\u00f3w \u2013 dotyczy to r\u00f3wnie\u017c np. nowych prezent\u00f3w urodzinowych. Zwracamy uwag\u0119 na niebezpiecze\u0144stwa, jakie mog\u0105 nie\u015b\u0107 ze sob\u0105 sznur\u00f3wki T-shirt\u00f3w i bluz.<\/li>\n<li>Zabronione jest wspinanie si\u0119 po sieciach zewn\u0119trznych i wewn\u0119trznych, budowanie wszelkich obiekt\u00f3w, si\u0119ganie po kable, \u015bwiat\u0142a, g\u0142o\u015bniki i kamery. Zakaz przenoszenia mebli i zdejmowania dekoracji.<\/li>\n<li>Trampolina przeznaczona jest dla dzieci do 60 kg i 170 cm wzrostu. Z trampoliny mo\u017ce korzysta\u0107 tylko jedna osoba na raz, a wspinanie si\u0119 i wieszanie na wewn\u0119trznych i zewn\u0119trznych siatkach i konstrukcjach oraz dotykanie sufitu jest zabronione. Wskakiwanie do pi\u0142ek przed trampolin\u0105 jest mo\u017cliwe tylko wtedy, gdy nikogo nie ma w pi\u0142kach. Sole s\u0105 surowo zabronione ze wzgl\u0119du na du\u017ce ryzyko kontuzji.<\/li>\n<li>Wulkan \u2013 zakaz wspinania si\u0119 na szczyt wulkanu, zawieszony na obr\u0119czy do koszyk\u00f3wki.<\/li>\n<li>Plac zabaw dla najm\u0142odszych dzieci przeznaczony jest dla dzieci do 4 roku \u017cycia. Prosimy nie pozwala\u0107 dzieciom wnosi\u0107 zabawek z pokoju zabaw do restauracji.<\/li>\n<li>Statek piracki przeznaczony jest dla dzieci w wieku od 3 do 12 lat, ale do 140 cm wzrostu.<\/li>\n<li>Wszystkie cz\u0119\u015bci i urz\u0105dzenia firmy Olympland mog\u0105 by\u0107 u\u017cywane wy\u0142\u0105cznie zgodnie z ich przeznaczeniem. Urz\u0105dzenia i sprz\u0119t do gier s\u0105 u\u017cywane na w\u0142asne ryzyko. Producent i dostawca odpowiadaj\u0105 za bezpiecze\u0144stwo poszczeg\u00f3lnych urz\u0105dze\u0144 swoimi certyfikatami. Atrakcje spe\u0142niaj\u0105 najwy\u017csze wymogi bezpiecze\u0144stwa i s\u0105 regularnie kontrolowane. Odwiedzaj\u0105cy mog\u0105 dzieli\u0107 si\u0119 uwagami i usterkami dotycz\u0105cymi dzia\u0142ania z naszymi pracownikami.<\/li>\n<li>Starsze dzieci w wieku 7 lat mog\u0105 zwiedza\u0107 atrakcje bez opieki osoby doros\u0142ej, ale tylko po wype\u0142nieniu i podpisaniu formularza PE\u0141NOMOCNICTWO przez przedstawiciela ustawowego Operator nie ponosi odpowiedzialno\u015bci za nadz\u00f3r nad tymi dzie\u0107mi. Dzieciom w wieku poni\u017cej 7 lat mo\u017ce towarzyszy\u0107 wy\u0142\u0105cznie osoba doros\u0142a.<\/li>\n<li>W przypadku przekroczenia liczby odwiedzaj\u0105cych personel mo\u017ce zablokowa\u0107 dalsze wpisy. Roszczenia wobec operatora wynikaj\u0105ce z tych ogranicze\u0144 s\u0105 wykluczone.<\/li>\n<li>Go\u015b\u0107 ponosi odpowiedzialno\u015b\u0107 za szkody spowodowane niedbalstwem lub umy\u015blno\u015bci\u0105 lub za szkody wyrz\u0105dzone innym odwiedzaj\u0105cym podczas korzystania ze wszystkich urz\u0105dze\u0144. Zwiedzaj\u0105cy s\u0105 zawsze zobowi\u0105zani do przestrzegania polece\u0144 personelu operatora. W przypadku nieodpowiedniego zachowania lub nieprzestrzegania polece\u0144 obs\u0142ugi, mog\u0105 zosta\u0107 wydaleni z terenu gry, w takich przypadkach wpisowe nie podlega zwrotowi. Zabrania si\u0119 wst\u0119pu do kasyna osobom cierpi\u0105cym na chorob\u0119 zaka\u017an\u0105, nudno\u015bci, chorob\u0119 lub tzw. kwarantann\u0119. Zwierz\u0119ta nie s\u0105 dozwolone. Doro\u015bli bez dzieci nie s\u0105 wpuszczani.<\/li>\n<li>Z szatni obok pokoju gier korzystasz na w\u0142asne ryzyko. Operator nie ponosi odpowiedzialno\u015bci za przedmioty lub odzie\u017c skradzione z szafek, wieszak\u00f3w lub pude\u0142ek na buty.<\/li>\n<li>Rodzice zobowi\u0105zani s\u0105 do zapoznania dzieci z Regulaminem w spos\u00f3b odpowiedni do wieku dziecka. Aktualna tre\u015b\u0107 regulaminu jest wywieszona w widocznym miejscu w pokoju gier.<\/li>\n<\/ul>\n<h6>\u00a0\u00a0\u00a0 Og\u00f3lne warunki handlowe<\/h6>\n<ol start=\"3\">\n<li>Korzystanie ze wszystkich atrakcji odbywa si\u0119 na w\u0142asne ryzyko. Atrakcje spe\u0142niaj\u0105 wymogi bezpiecze\u0144stwa i s\u0105 regularnie kontrolowane. Rodzice lub inne osoby doros\u0142e towarzysz\u0105ce dzieciom ponosz\u0105 odpowiedzialno\u015b\u0107 za wszelkie szkody wyrz\u0105dzone dzieciom, ich rodzicom lub innym odwiedzaj\u0105cym, spowodowane nieprofesjonaln\u0105 kontrol\u0105 lub manipulacj\u0105. Odpowiedzialno\u015b\u0107 operatora ogranicza si\u0119 zatem do ra\u017c\u0105cego niedbalstwa.<\/li>\n<li>Rodzice i osoby towarzysz\u0105ce zobowi\u0105zane s\u0105 do pilnowania swoich dzieci, aby sprz\u0119t i atrakcje nie uleg\u0142y uszkodzeniu. Za zachowanie dzieci odpowiadaj\u0105 rodzice i osoby towarzysz\u0105ce, a personel operatora nie pozostaje w stosunku nadzorczym.<\/li>\n<li>Zasada uwzgl\u0119dniania ma zastosowanie do korzystania z ca\u0142ego sprz\u0119tu. W przypadku ra\u017c\u0105cego naruszenia tej zasady osoby te mog\u0105 zosta\u0107 wydalone przez osob\u0119 uprawnion\u0105 bez zwrotu op\u0142aty za wst\u0119p.<\/li>\n<li>Wspinanie si\u0119 po zewn\u0119trznych i wewn\u0119trznych siatkach i konstrukcjach jest zabronione. Do sali zabaw dla najm\u0142odszych maj\u0105 wst\u0119p wy\u0142\u0105cznie dzieci poni\u017cej 5 roku \u017cycia. Dzieci poni\u017cej 3 roku \u017cycia mog\u0105 wej\u015b\u0107 poza te obiekty tylko w towarzystwie osoby doros\u0142ej. Ze wszystkich atrakcji mo\u017cna korzysta\u0107 wy\u0142\u0105cznie w skarpetkach.<\/li>\n<li>Wprowadzanie \u017cywno\u015bci, napoj\u00f3w, s\u0142odyczy i innych artyku\u0142\u00f3w spo\u017cywczych jest zabronione.<\/li>\n<li>Ze wzgl\u0119du na bezpiecze\u0144stwo w\u0142asnego dziecka, a tak\u017ce innych dzieci, do sali zabaw nie wolno wnosi\u0107 w\u0142asnych zabawek, w szczeg\u00f3lno\u015bci zabrania si\u0119 u\u017cywania na terenie sali zabaw twardych, lu\u017anych lub ostrych przedmiot\u00f3w.<\/li>\n<li>Lokal wyposa\u017cony jest w system kamer z urz\u0105dzeniem rejestruj\u0105cym - wi\u0119cej o ochronie danych osobowych\u00a0<a href=\"http:\/\/upfs.cz\/pravidla\/podminky-ochrany-osobnich-udaju\/\">tutaj<\/a><\/li>\n<\/ol>\n<p>Operator: PRATR as, N\u00e1chodsk\u00e1 524, 541 03 Trutnov<\/p>\n<p>Obowi\u0105zuje od 1.9. 2018<\/p>","protected":false},"excerpt":{"rendered":"<p>Zasady korzystania z salonu gier OLYMPLAND - ZASADY DZIA\u0141ANIA Szanowni Go\u015bcie, wchodz\u0105c do salonu gier OLYMPLAND, akceptuj\u0105 Pa\u0144stwo og\u00f3lne warunki i zasady funkcjonowania salonu gier OLYMPLAND. Informacje o godzinach otwarcia i obowi\u0105zuj\u0105cych cenach mo\u017cna znale\u017a\u0107 na stronie www.olympland.cz Atrakcje przeznaczone s\u0105 dla dzieci poni\u017cej 14 roku \u017cycia. Operator nie przyjmuje na siebie obowi\u0105zku zwi\u0105zanego z nadzorem nad dzie\u0107mi. Opieka i nadz\u00f3r nad dzie\u0107mi to [\u2026]<\/p>","protected":false},"author":2,"featured_media":0,"parent":1793,"menu_order":0,"comment_status":"closed","ping_status":"closed","template":"","meta":{"_et_pb_use_builder":"","_et_pb_old_content":"","_et_gb_content_width":"","footnotes":""},"_links":{"self":[{"href":"https:\/\/olympland.cz\/pl\/wp-json\/wp\/v2\/pages\/1788"}],"collection":[{"href":"https:\/\/olympland.cz\/pl\/wp-json\/wp\/v2\/pages"}],"about":[{"href":"https:\/\/olympland.cz\/pl\/wp-json\/wp\/v2\/types\/page"}],"author":[{"embeddable":true,"href":"https:\/\/olympland.cz\/pl\/wp-json\/wp\/v2\/users\/2"}],"replies":[{"embeddable":true,"href":"https:\/\/olympland.cz\/pl\/wp-json\/wp\/v2\/comments?post=1788"}],"version-history":[{"count":3,"href":"https:\/\/olympland.cz\/pl\/wp-json\/wp\/v2\/pages\/1788\/revisions"}],"predecessor-version":[{"id":32212,"href":"https:\/\/olympland.cz\/pl\/wp-json\/wp\/v2\/pages\/1788\/revisions\/32212"}],"up":[{"embeddable":true,"href":"https:\/\/olympland.cz\/pl\/wp-json\/wp\/v2\/pages\/1793"}],"wp:attachment":[{"href":"https:\/\/olympland.cz\/pl\/wp-json\/wp\/v2\/media?parent=1788"}],"curies":[{"name":"wp","href":"https:\/\/api.w.org\/{rel}","templated":true}]}}