{"id":1795,"date":"2018-05-22T13:47:25","date_gmt":"2018-05-22T13:47:25","guid":{"rendered":"https:\/\/olympland.cz\/?page_id=1795"},"modified":"2020-09-11T09:52:26","modified_gmt":"2020-09-11T09:52:26","slug":"cookies","status":"publish","type":"page","link":"https:\/\/olympland.cz\/pl\/pravidla\/cookies\/","title":{"rendered":"Ciasteczka"},"content":{"rendered":"<h2>Zasady korzystania z plik\u00f3w cookies<\/h2>\n<h3>Co to s\u0105 pliki cookie?<\/h3>\n<p>Plik cookie to kr\u00f3tki plik tekstowy, kt\u00f3ry odwiedzana witryna wysy\u0142a do Twojej przegl\u0105darki. Umo\u017cliwia witrynie rejestrowanie informacji o Twojej wizycie, takich jak preferowany j\u0119zyk i inne ustawienia. Mo\u017ce to sprawi\u0107, \u017ce kolejna wizyta na stronie b\u0119dzie \u0142atwiejsza i bardziej produktywna. Pliki cookie s\u0105 wa\u017cne. Bez nich przegl\u0105danie sieci by\u0142oby znacznie bardziej skomplikowane.<\/p>\n<h3>Dlaczego u\u017cywamy plik\u00f3w cookie?<\/h3>\n<p>Pliki cookie s\u0142u\u017c\u0105 r\u00f3\u017cnym celom. U\u017cywamy plik\u00f3w cookies w celu ustawienia zawarto\u015bci serwisu zgodnie z preferencjami u\u017cytkownika oraz optymalizacji korzystania z serwisu. S\u0142u\u017c\u0105 r\u00f3wnie\u017c do tworzenia anonimowych, zagregowanych statystyk, kt\u00f3re pomagaj\u0105 analizowa\u0107, w jaki spos\u00f3b u\u017cytkownik korzysta ze strony internetowej. Informacje pomog\u0105 ulepszy\u0107 struktur\u0119 i zawarto\u015b\u0107 serwisu.<\/p>\n<h3>Jakich plik\u00f3w cookie u\u017cywamy?<\/h3>\n<p>U\u017cywamy kilku rodzaj\u00f3w plik\u00f3w cookies, w\u0142asnych oraz plik\u00f3w zewn\u0119trznych pozyskiwanych od partner\u00f3w, z kt\u00f3rymi wsp\u00f3\u0142pracujemy. Pliki u\u017cywane na naszej stronie mo\u017cna podzieli\u0107 na nast\u0119puj\u0105ce typy:<\/p>\n<ul>\n<li>Cookies analityczne - zbieraj\u0105 informacje o sposobie korzystania przez u\u017cytkownika ze strony internetowej, typie strony, z kt\u00f3rej odwiedzaj\u0105cy zosta\u0142 przekierowany, liczbie odwiedzin u\u017cytkownika oraz statystykach serwisu. Pliki te nie rejestruj\u0105 danych osobowych, lecz s\u0142u\u017c\u0105 do zbierania statystyk serwisu.<\/li>\n<li>Ciasteczka dynamiczne - s\u0142u\u017c\u0105 do przechowywania informacji o sesji. Pliki informacji o sesji umo\u017cliwiaj\u0105 poruszanie si\u0119 po stronie internetowej bez konieczno\u015bci wprowadzania przez u\u017cytkownika tych samych informacji, kt\u00f3re zosta\u0142y ju\u017c wprowadzone. Pliki s\u0105 usuwane po zamkni\u0119ciu przegl\u0105darki.<\/li>\n<li>Cookies trwa\u0142e \u2013 pozostaj\u0105 na Twoim urz\u0105dzeniu do momentu ich usuni\u0119cia.<\/li>\n<\/ul>\n<ul>\n<li>Google Analytics\n<ul>\n<li>Ta strona korzysta z Google Analytics, us\u0142ugi analizy ogl\u0105dalno\u015bci stron internetowych udost\u0119pnianej przez Google, Inc. (\u201eGoogle\u201d). (&quot;Google&quot;). Google Analytics u\u017cywa &quot;cookies&quot;, czyli plik\u00f3w tekstowych umieszczanych na Twoim komputerze, aby pom\u00f3c witrynie przeanalizowa\u0107 spos\u00f3b, w jaki u\u017cytkownicy korzystaj\u0105 z witryny. Informacje generowane przez plik cookie na temat korzystania z witryny (w tym adres IP) b\u0119d\u0105 przesy\u0142ane i przechowywane przez Google na serwerach w Stanach Zjednoczonych.<\/li>\n<li>Google b\u0119dzie wykorzystywa\u0107 te informacje w celu oceny korzystania z witryny przez u\u017cytkownika, tworzenia raport\u00f3w dotycz\u0105cych ruchu na witrynach internetowych dla operator\u00f3w witryn oraz \u015bwiadczenia innych us\u0142ug zwi\u0105zanych z ruchem na witrynach internetowych i korzystaniem z internetu w og\u00f3le. Google mo\u017ce r\u00f3wnie\u017c przekazywa\u0107 te informacje stronom trzecim, je\u015bli jest to wymagane przez prawo lub gdy takie strony trzecie przetwarzaj\u0105 informacje w imieniu Google. Google nie b\u0119dzie kojarzy\u0107 Twojego adresu IP z \u017cadnymi innymi danymi przechowywanymi przez Google. Mo\u017cesz odm\u00f3wi\u0107 u\u017cywania plik\u00f3w cookie, wybieraj\u0105c odpowiednie ustawienia w swojej przegl\u0105darce, jednak pami\u0119taj, \u017ce je\u015bli to zrobisz, mo\u017cesz nie by\u0107 w stanie korzysta\u0107 z pe\u0142nej funkcjonalno\u015bci tej witryny. Korzystaj\u0105c z tej witryny, wyra\u017casz zgod\u0119 na przetwarzanie danych o Tobie przez Google w spos\u00f3b i w celach okre\u015blonych powy\u017cej.<\/li>\n<li>Szczeg\u00f3\u0142owe informacje na temat Google Analytics i prywatno\u015bci mo\u017cna znale\u017a\u0107 pod adresem http:\/\/www.google.com\/intl\/en\/privacy\/privacy-policy.html.<\/li>\n<li>Aby zapobiec \u015bledzeniu, mo\u017cesz zainstalowa\u0107 dodatek w swojej przegl\u0105darce internetowej (http:\/\/tools.google.com\/dlpage\/gaoptout).<\/li>\n<\/ul>\n<\/li>\n<\/ul>\n<h3>Jak mog\u0119 usun\u0105\u0107 lub zablokowa\u0107 pliki cookie?<\/h3>\n<p>Korzystanie z plik\u00f3w cookie mo\u017cna ustawi\u0107 za pomoc\u0105 przegl\u0105darki internetowej. Wi\u0119kszo\u015b\u0107 przegl\u0105darek domy\u015blnie automatycznie akceptuje pliki cookie. Mo\u017cesz u\u017cy\u0107 swojej przegl\u0105darki internetowej, aby odrzuci\u0107 pliki cookie lub ustawi\u0107 u\u017cycie tylko niekt\u00f3rych plik\u00f3w cookie.<\/p>\n<p>Ograniczenia stosowania plik\u00f3w cookies mog\u0105 wp\u0142yn\u0105\u0107 na niekt\u00f3re funkcje istotne dla optymalnego funkcjonowania serwisu. Je\u017celi kt\u00f3rakolwiek z funkcji serwisu nie dzia\u0142a, nale\u017cy sprawdzi\u0107 ustawienia dotycz\u0105ce plik\u00f3w cookies w przegl\u0105darce internetowej i w\u0142\u0105czy\u0107 akceptacj\u0119 plik\u00f3w cookies w urz\u0105dzeniu.<\/p>\n<p>Poni\u017cej znajduj\u0105 si\u0119 linki, kt\u00f3re mog\u0105 pom\u00f3c w konfiguracji plik\u00f3w \u201ecookies\u201d w najcz\u0119\u015bciej u\u017cywanych przegl\u0105darkach:<\/p>\n<ol>\n<li><a href=\"https:\/\/support.google.com\/chrome\/answer\/95647?hl=cs\">Google Chrome<\/a><\/li>\n<li><a href=\"https:\/\/support.mozilla.org\/cs\/kb\/cookies-information-websites-store-on-your-computer\">Mozilla Firefox<\/a><\/li>\n<li><a href=\"https:\/\/support.microsoft.com\/kb\/278835\/cs\">Internet Explorer<\/a><\/li>\n<li><a href=\"https:\/\/translate.google.com\/translate?sl=en&amp;tl=cs&amp;u=http%3A%2F%2Fsafari.helpmax.net%2Fen%2Fprivacy-and-security%2Fmanaging-cookies%2F\">Safari<\/a><\/li>\n<\/ol>\n<p>Przed skorzystaniem ze strony internetowej olympland.cz nale\u017cy najpierw zapozna\u0107 si\u0119 z Warunkami korzystania ze strony internetowej olympland.cz, kt\u00f3re znajdziesz <a href=\"https:\/\/olympland.cz\/pl\/pravidla\/podminky-uzivani-webovych-stranek\/\">tutaj<\/a>.<\/p>","protected":false},"excerpt":{"rendered":"<p>Zasady korzystania z plik\u00f3w cookie Czym s\u0105 pliki cookie? Plik cookie to kr\u00f3tki plik tekstowy, kt\u00f3ry odwiedzana witryna wysy\u0142a do Twojej przegl\u0105darki. Umo\u017cliwia witrynie rejestrowanie informacji o Twojej wizycie, takich jak preferowany j\u0119zyk i inne ustawienia. Mo\u017ce to sprawi\u0107, \u017ce kolejna wizyta na stronie b\u0119dzie \u0142atwiejsza i bardziej produktywna. Pliki cookie s\u0105 wa\u017cne. Bez nich przegl\u0105danie sieci by\u0142oby znacznie bardziej skomplikowane. Czemu [\u2026]<\/p>","protected":false},"author":2,"featured_media":0,"parent":1793,"menu_order":0,"comment_status":"closed","ping_status":"closed","template":"","meta":{"_et_pb_use_builder":"","_et_pb_old_content":"","_et_gb_content_width":"","footnotes":""},"_links":{"self":[{"href":"https:\/\/olympland.cz\/pl\/wp-json\/wp\/v2\/pages\/1795"}],"collection":[{"href":"https:\/\/olympland.cz\/pl\/wp-json\/wp\/v2\/pages"}],"about":[{"href":"https:\/\/olympland.cz\/pl\/wp-json\/wp\/v2\/types\/page"}],"author":[{"embeddable":true,"href":"https:\/\/olympland.cz\/pl\/wp-json\/wp\/v2\/users\/2"}],"replies":[{"embeddable":true,"href":"https:\/\/olympland.cz\/pl\/wp-json\/wp\/v2\/comments?post=1795"}],"version-history":[{"count":1,"href":"https:\/\/olympland.cz\/pl\/wp-json\/wp\/v2\/pages\/1795\/revisions"}],"predecessor-version":[{"id":32205,"href":"https:\/\/olympland.cz\/pl\/wp-json\/wp\/v2\/pages\/1795\/revisions\/32205"}],"up":[{"embeddable":true,"href":"https:\/\/olympland.cz\/pl\/wp-json\/wp\/v2\/pages\/1793"}],"wp:attachment":[{"href":"https:\/\/olympland.cz\/pl\/wp-json\/wp\/v2\/media?parent=1795"}],"curies":[{"name":"wp","href":"https:\/\/api.w.org\/{rel}","templated":true}]}}