{"id":31474,"date":"2020-05-11T14:15:21","date_gmt":"2020-05-11T14:15:21","guid":{"rendered":"https:\/\/olympland.cz\/?page_id=31474"},"modified":"2020-09-11T09:53:58","modified_gmt":"2020-09-11T09:53:58","slug":"podminky-uzivani-webovych-stranek","status":"publish","type":"page","link":"https:\/\/olympland.cz\/pl\/pravidla\/podminky-uzivani-webovych-stranek\/","title":{"rendered":"Warunki korzystania z serwisu"},"content":{"rendered":"<h1>Warunki korzystania ze strony internetowej olympland.cz<\/h1>\n<p>Niniejsze warunki reguluj\u0105 korzystanie ze strony internetowej\u00a0<a href=\"https:\/\/olympland.cz\/pl\/\">www.olympland.cz<\/a>\u00a0podmiotom trzecim (u\u017cytkownikom), zwanym dalej<strong>Warunki<\/strong>\u201e)<\/p>\n<p>Przed skorzystaniem ze strony internetowej olympland.cz nale\u017cy najpierw zapozna\u0107 si\u0119 z niniejszymi Warunkami korzystania ze strony internetowej olympland.cz, a tak\u017ce z Warunkami ochrony danych osobowych, kt\u00f3re znajdziesz <a href=\"https:\/\/olympland.cz\/pl\/pravidla\/podminky-ochrany-osobnich-udaju\/\">tutaj<\/a>.<\/p>\n<p>W\u0142a\u015bcicielem i operatorem strony internetowej olympland.cz jest firma Pratr as, ID: 252 65 687, z siedzib\u0105 w Trutnov, N\u00e1chodsk\u00e1 524, kod pocztowy 541 03, zarejestrowana w S\u0105dzie Okr\u0119gowym w Hradcu Kr\u00e1lov\u00e9 pod sygnatur\u0105 B 1613 (dalej<strong>Sp\u00f3\u0142ka<\/strong>\u201e), kt\u00f3ry jest uprawniony zgodnie z prawem do ich rozpowszechniania.<\/p>\n<p>Jakiekolwiek dalsze rozpowszechnianie tre\u015bci strony internetowej olympland.cz w celach innych ni\u017c u\u017cytek osobisty, w szczeg\u00f3lno\u015bci w formie kopiowania lub dalszego przetwarzania bez uprzedniej pisemnej zgody Sp\u00f3\u0142ki, jest zabronione. Je\u017celi u\u017cytkownik strony internetowej olympland.cz naruszy w ten spos\u00f3b ten zakaz, a Sp\u00f3\u0142ka niniejszym poniesie szkod\u0119, poszkodowanemu przys\u0142uguje odszkodowanie zgodnie z postanowieniami \u00a7 2913 i nast. ucze\u0144. Nr 89\/2012 Dz.U. Kodeksu Cywilnego z p\u00f3\u017aniejszymi zmianami.<\/p>\n<p>Strona internetowa olympland.cz mo\u017ce zawiera\u0107 dane b\u0119d\u0105ce wynikiem dzia\u0142a\u0144 os\u00f3b trzecich, kt\u00f3re s\u0105 ich autorami. Do danych tych zastosowanie maj\u0105 obowi\u0105zuj\u0105ce przepisy prawa, w szczeg\u00f3lno\u015bci tre\u015bci te nie mog\u0105 by\u0107 rozpowszechniane, kopiowane ani zmieniane.<\/p>\n<p>Zawarto\u015b\u0107 strony internetowej olympland.cz ma charakter wy\u0142\u0105cznie informacyjny. Firma nie ponosi odpowiedzialno\u015bci za poprawno\u015b\u0107 lub kompletno\u015b\u0107 tre\u015bci strony internetowej olympland.cz oraz za powsta\u0142e szkody powsta\u0142e w zwi\u0105zku z korzystaniem ze strony internetowej olympland.cz.<\/p>\n<p>Firma zastrzega sobie prawo do zmiany lub usuni\u0119cia zawarto\u015bci strony internetowej olympland.cz w dowolnym momencie, nawet bez wcze\u015bniejszego powiadomienia.<\/p>","protected":false},"excerpt":{"rendered":"<p>Warunki korzystania ze strony internetowej olympland.cz Niniejsze warunki reguluj\u0105 korzystanie ze strony internetowej www.olympland.cz przez osoby trzecie (u\u017cytkownik\u00f3w), (zwane dalej \u201eWarunkami\u201d) Przed skorzystaniem ze strony internetowej olympland.cz nale\u017cy si\u0119 najpierw zapozna\u0107 si\u0119 z niniejszymi Warunkami korzystania ze strony internetowej olympland .cz, a tak\u017ce z Warunkami ochrony danych osobowych, kt\u00f3re mo\u017cna znale\u017a\u0107 tutaj. W\u0142a\u015bcicielem i operatorem strony internetowej olympland.cz jest firma Pratr as, ID: 252 65 [\u2026]<\/p>","protected":false},"author":2,"featured_media":0,"parent":1793,"menu_order":0,"comment_status":"closed","ping_status":"closed","template":"","meta":{"_et_pb_use_builder":"","_et_pb_old_content":"","_et_gb_content_width":"","footnotes":""},"_links":{"self":[{"href":"https:\/\/olympland.cz\/pl\/wp-json\/wp\/v2\/pages\/31474"}],"collection":[{"href":"https:\/\/olympland.cz\/pl\/wp-json\/wp\/v2\/pages"}],"about":[{"href":"https:\/\/olympland.cz\/pl\/wp-json\/wp\/v2\/types\/page"}],"author":[{"embeddable":true,"href":"https:\/\/olympland.cz\/pl\/wp-json\/wp\/v2\/users\/2"}],"replies":[{"embeddable":true,"href":"https:\/\/olympland.cz\/pl\/wp-json\/wp\/v2\/comments?post=31474"}],"version-history":[{"count":1,"href":"https:\/\/olympland.cz\/pl\/wp-json\/wp\/v2\/pages\/31474\/revisions"}],"predecessor-version":[{"id":32206,"href":"https:\/\/olympland.cz\/pl\/wp-json\/wp\/v2\/pages\/31474\/revisions\/32206"}],"up":[{"embeddable":true,"href":"https:\/\/olympland.cz\/pl\/wp-json\/wp\/v2\/pages\/1793"}],"wp:attachment":[{"href":"https:\/\/olympland.cz\/pl\/wp-json\/wp\/v2\/media?parent=31474"}],"curies":[{"name":"wp","href":"https:\/\/api.w.org\/{rel}","templated":true}]}}