{"id":32215,"date":"2020-09-11T09:59:37","date_gmt":"2020-09-11T09:59:37","guid":{"rendered":"https:\/\/olympland.cz\/?page_id=32215"},"modified":"2020-09-11T09:59:37","modified_gmt":"2020-09-11T09:59:37","slug":"podminky-clenstvi-up-club","status":"publish","type":"page","link":"https:\/\/olympland.cz\/pl\/pravidla\/podminky-clenstvi-up-club\/","title":{"rendered":"Warunki cz\u0142onkostwa Up CLUB"},"content":{"rendered":"<p><strong>Uproszczone warunki i zasady cz\u0142onkostwa<\/strong><\/p>\n<p>Og\u00f3lne warunki cz\u0142onkostwa i zasady korzystania z korzy\u015bci z cz\u0142onkostwa (zwane dalej regulaminem) w Up CLUB (zwanym dalej KLUBEM) , kod pocztowy 541 03, prowadzonym przy S\u0105dzie Okr\u0119gowym w Hradcu Kr\u00e1lov\u00e9 pod numerem sygnatura B 1613 (zwana dalej Firm\u0105), obowi\u0105zuje wszystkich cz\u0142onk\u00f3w KLUBU. Pe\u0142ne aktualne i obowi\u0105zuj\u0105ce brzmienie warunk\u00f3w cz\u0142onkostwa mo\u017cna znale\u017a\u0107\u00a0<a href=\"https:\/\/www.upgroup.cz\/pravidla\/podminky-clenstvi-up-club\/\">tutaj<\/a>.<\/p>","protected":false},"excerpt":{"rendered":"<p>Uproszczone warunki i zasady cz\u0142onkostwa Og\u00f3lne warunki cz\u0142onkostwa i zasady korzystania z cz\u0142onkostwa (zwane dalej Warunkami) w Up CLUB (zwanym dalej KLUBEM), kt\u00f3rego funkcjonowanie i dzia\u0142alno\u015b\u0107 s\u0105 obs\u0142ugiwane, zabezpieczone i zewn\u0119trznie dzia\u0142a\u0142 w imieniu KLUBU przez sp\u00f3\u0142k\u0119 Pratr as, REGON: 252 65 687, z siedzib\u0105 w Trutnov, N\u00e1chodsk\u00e1 524, kod pocztowy 541 03, przechowywany w S\u0105dzie Okr\u0119gowym w Hradcu Kr\u00e1lov\u00e9 w aktach [...]<\/p>","protected":false},"author":2,"featured_media":0,"parent":1793,"menu_order":0,"comment_status":"closed","ping_status":"closed","template":"","meta":{"_et_pb_use_builder":"","_et_pb_old_content":"","_et_gb_content_width":"","footnotes":""},"_links":{"self":[{"href":"https:\/\/olympland.cz\/pl\/wp-json\/wp\/v2\/pages\/32215"}],"collection":[{"href":"https:\/\/olympland.cz\/pl\/wp-json\/wp\/v2\/pages"}],"about":[{"href":"https:\/\/olympland.cz\/pl\/wp-json\/wp\/v2\/types\/page"}],"author":[{"embeddable":true,"href":"https:\/\/olympland.cz\/pl\/wp-json\/wp\/v2\/users\/2"}],"replies":[{"embeddable":true,"href":"https:\/\/olympland.cz\/pl\/wp-json\/wp\/v2\/comments?post=32215"}],"version-history":[{"count":1,"href":"https:\/\/olympland.cz\/pl\/wp-json\/wp\/v2\/pages\/32215\/revisions"}],"predecessor-version":[{"id":32216,"href":"https:\/\/olympland.cz\/pl\/wp-json\/wp\/v2\/pages\/32215\/revisions\/32216"}],"up":[{"embeddable":true,"href":"https:\/\/olympland.cz\/pl\/wp-json\/wp\/v2\/pages\/1793"}],"wp:attachment":[{"href":"https:\/\/olympland.cz\/pl\/wp-json\/wp\/v2\/media?parent=32215"}],"curies":[{"name":"wp","href":"https:\/\/api.w.org\/{rel}","templated":true}]}}